{"id":282,"date":"2025-12-26T12:25:57","date_gmt":"2025-12-26T10:25:57","guid":{"rendered":"https:\/\/primeclean.md\/?page_id=282"},"modified":"2025-12-26T12:36:07","modified_gmt":"2025-12-26T10:36:07","slug":"termeni-si-conditii","status":"publish","type":"page","link":"https:\/\/primeclean.md\/ru\/termeni-si-conditii\/","title":{"rendered":"\u0423\u0441\u043b\u043e\u0432\u0438\u044f \u0438 \u043f\u043e\u043b\u043e\u0436\u0435\u043d\u0438\u044f"},"content":{"rendered":"<h2 class=\"wp-block-heading\">1. \u0412\u0432\u0435\u0434\u0435\u043d\u0438\u0435<\/h2>\n\n\n\n<p class=\"translation-block\">\u041d\u0430\u0441\u0442\u043e\u044f\u0449\u0438\u0435 \u0423\u0441\u043b\u043e\u0432\u0438\u044f \u0438 \u043f\u043e\u043b\u043e\u0436\u0435\u043d\u0438\u044f (\u0434\u0430\u043b\u0435\u0435 \u2014 \u00ab\u0423\u0441\u043b\u043e\u0432\u0438\u044f\u00bb) \u0440\u0435\u0433\u0443\u043b\u0438\u0440\u0443\u044e\u0442 \u043f\u043e\u0440\u044f\u0434\u043e\u043a \u0438\u0441\u043f\u043e\u043b\u044c\u0437\u043e\u0432\u0430\u043d\u0438\u044f \u0432\u0430\u043c\u0438 \u0432\u0435\u0431-\u0441\u0430\u0439\u0442\u0430 S.R.L. \u00abCLEANPOINT\u00bb, \u0434\u043e\u0441\u0442\u0443\u043f\u043d\u043e\u0433\u043e \u043f\u043e \u0430\u0434\u0440\u0435\u0441\u0443 primeclean.md (\u0434\u0430\u043b\u0435\u0435 \u2014 \u00ab\u0421\u0430\u0439\u0442\u00bb). \u041f\u043e\u043b\u0443\u0447\u0430\u044f \u0434\u043e\u0441\u0442\u0443\u043f \u043a \u0421\u0430\u0439\u0442\u0443 \u0438 \u0438\u0441\u043f\u043e\u043b\u044c\u0437\u0443\u044f \u0435\u0433\u043e, \u0432\u044b \u043f\u043e\u0434\u0442\u0432\u0435\u0440\u0436\u0434\u0430\u0435\u0442\u0435 \u0441\u0432\u043e\u0451 \u0441\u043e\u0433\u043b\u0430\u0441\u0438\u0435 \u0441\u043e\u0431\u043b\u044e\u0434\u0430\u0442\u044c \u043d\u0430\u0441\u0442\u043e\u044f\u0449\u0438\u0435 \u0423\u0441\u043b\u043e\u0432\u0438\u044f. \u0415\u0441\u043b\u0438 \u0432\u044b \u043d\u0435 \u0441\u043e\u0433\u043b\u0430\u0441\u043d\u044b \u0441 \u043a\u0430\u043a\u0438\u043c\u0438-\u043b\u0438\u0431\u043e \u043f\u043e\u043b\u043e\u0436\u0435\u043d\u0438\u044f\u043c\u0438 \u0434\u0430\u043d\u043d\u044b\u0445 \u0423\u0441\u043b\u043e\u0432\u0438\u0439, \u043f\u043e\u0436\u0430\u043b\u0443\u0439\u0441\u0442\u0430, \u043d\u0435 \u0438\u0441\u043f\u043e\u043b\u044c\u0437\u0443\u0439\u0442\u0435 \u0421\u0430\u0439\u0442.<\/p>\n\n\n\n<h2 class=\"wp-block-heading\">2. \u0418\u0437\u043c\u0435\u043d\u0435\u043d\u0438\u0435 \u0423\u0441\u043b\u043e\u0432\u0438\u0439<\/h2>\n\n\n\n<p>S.R.L. \u00abCLEANPOINT\u00bb \u043e\u0441\u0442\u0430\u0432\u043b\u044f\u0435\u0442 \u0437\u0430 \u0441\u043e\u0431\u043e\u0439 \u043f\u0440\u0430\u0432\u043e \u043f\u0435\u0440\u0438\u043e\u0434\u0438\u0447\u0435\u0441\u043a\u0438 \u0438\u0437\u043c\u0435\u043d\u044f\u0442\u044c \u043d\u0430\u0441\u0442\u043e\u044f\u0449\u0438\u0435 \u0423\u0441\u043b\u043e\u0432\u0438\u044f. \u0412\u0441\u0435 \u0438\u0437\u043c\u0435\u043d\u0435\u043d\u0438\u044f \u043f\u0443\u0431\u043b\u0438\u043a\u0443\u044e\u0442\u0441\u044f \u043d\u0430 \u0434\u0430\u043d\u043d\u043e\u0439 \u0441\u0442\u0440\u0430\u043d\u0438\u0446\u0435, \u043f\u0440\u0438 \u044d\u0442\u043e\u043c \u0434\u0430\u0442\u0430 \u043f\u043e\u0441\u043b\u0435\u0434\u043d\u0435\u0433\u043e \u043e\u0431\u043d\u043e\u0432\u043b\u0435\u043d\u0438\u044f \u0443\u043a\u0430\u0437\u044b\u0432\u0430\u0435\u0442\u0441\u044f \u0432 \u0432\u0435\u0440\u0445\u043d\u0435\u0439 \u0447\u0430\u0441\u0442\u0438 \u0441\u0442\u0440\u0430\u043d\u0438\u0446\u044b. \u041f\u0440\u043e\u0434\u043e\u043b\u0436\u0435\u043d\u0438\u0435 \u0438\u0441\u043f\u043e\u043b\u044c\u0437\u043e\u0432\u0430\u043d\u0438\u044f \u0421\u0430\u0439\u0442\u0430 \u043f\u043e\u0441\u043b\u0435 \u043f\u0443\u0431\u043b\u0438\u043a\u0430\u0446\u0438\u0438 \u0438\u0437\u043c\u0435\u043d\u0435\u043d\u0438\u0439 \u043e\u0437\u043d\u0430\u0447\u0430\u0435\u0442 \u0432\u0430\u0448\u0435 \u0441\u043e\u0433\u043b\u0430\u0441\u0438\u0435 \u0441 \u043e\u0431\u043d\u043e\u0432\u043b\u0451\u043d\u043d\u044b\u043c\u0438 \u0423\u0441\u043b\u043e\u0432\u0438\u044f\u043c\u0438.<\/p>\n\n\n\n<h2 class=\"wp-block-heading\">3. \u0418\u043d\u0442\u0435\u043b\u043b\u0435\u043a\u0442\u0443\u0430\u043b\u044c\u043d\u0430\u044f \u0441\u043e\u0431\u0441\u0442\u0432\u0435\u043d\u043d\u043e\u0441\u0442\u044c<\/h2>\n\n\n\n<p>\u0421\u043e\u0434\u0435\u0440\u0436\u0438\u043c\u043e\u0435 \u0421\u0430\u0439\u0442\u0430, \u0432\u043a\u043b\u044e\u0447\u0430\u044f, \u043d\u043e \u043d\u0435 \u043e\u0433\u0440\u0430\u043d\u0438\u0447\u0438\u0432\u0430\u044f\u0441\u044c, \u0442\u0435\u043a\u0441\u0442\u0430\u043c\u0438, \u0438\u0437\u043e\u0431\u0440\u0430\u0436\u0435\u043d\u0438\u044f\u043c\u0438, \u043b\u043e\u0433\u043e\u0442\u0438\u043f\u0430\u043c\u0438 \u0438 \u0432\u0438\u0434\u0435\u043e\u043c\u0430\u0442\u0435\u0440\u0438\u0430\u043b\u0430\u043c\u0438, \u0437\u0430\u0449\u0438\u0449\u0435\u043d\u043e \u0437\u0430\u043a\u043e\u043d\u043e\u0434\u0430\u0442\u0435\u043b\u044c\u0441\u0442\u0432\u043e\u043c \u043e\u0431 \u0430\u0432\u0442\u043e\u0440\u0441\u043a\u043e\u043c \u043f\u0440\u0430\u0432\u0435 \u0438 \u0438\u043d\u044b\u043c\u0438 \u043d\u043e\u0440\u043c\u0430\u043c\u0438 \u043e\u0431 \u0438\u043d\u0442\u0435\u043b\u043b\u0435\u043a\u0442\u0443\u0430\u043b\u044c\u043d\u043e\u0439 \u0441\u043e\u0431\u0441\u0442\u0432\u0435\u043d\u043d\u043e\u0441\u0442\u0438. \u0417\u0430\u043f\u0440\u0435\u0449\u0430\u0435\u0442\u0441\u044f \u0432\u043e\u0441\u043f\u0440\u043e\u0438\u0437\u0432\u0435\u0434\u0435\u043d\u0438\u0435, \u0440\u0430\u0441\u043f\u0440\u043e\u0441\u0442\u0440\u0430\u043d\u0435\u043d\u0438\u0435 \u0438\u043b\u0438 \u0438\u043d\u043e\u0435 \u0438\u0441\u043f\u043e\u043b\u044c\u0437\u043e\u0432\u0430\u043d\u0438\u0435 \u043b\u044e\u0431\u043e\u0433\u043e \u043a\u043e\u043d\u0442\u0435\u043d\u0442\u0430 \u0431\u0435\u0437 \u043f\u0440\u0435\u0434\u0432\u0430\u0440\u0438\u0442\u0435\u043b\u044c\u043d\u043e\u0433\u043e \u043f\u0438\u0441\u044c\u043c\u0435\u043d\u043d\u043e\u0433\u043e \u0441\u043e\u0433\u043b\u0430\u0441\u0438\u044f \u041f\u043e\u0441\u0442\u0430\u0432\u0449\u0438\u043a\u0430.<\/p>\n\n\n\n<h2 class=\"wp-block-heading\">4. \u0421\u0431\u043e\u0440 \u0438 \u043e\u0431\u0440\u0430\u0431\u043e\u0442\u043a\u0430 \u043f\u0435\u0440\u0441\u043e\u043d\u0430\u043b\u044c\u043d\u044b\u0445 \u0434\u0430\u043d\u043d\u044b\u0445<\/h2>\n\n\n\n<p class=\"translation-block\">S.R.L. \u00abCLEANPOINT\u00bb \u043e\u0441\u0443\u0449\u0435\u0441\u0442\u0432\u043b\u044f\u0435\u0442 \u0441\u0431\u043e\u0440 \u0438 \u043e\u0431\u0440\u0430\u0431\u043e\u0442\u043a\u0443 \u043f\u0435\u0440\u0441\u043e\u043d\u0430\u043b\u044c\u043d\u044b\u0445 \u0434\u0430\u043d\u043d\u044b\u0445 \u0432 \u0441\u043e\u043e\u0442\u0432\u0435\u0442\u0441\u0442\u0432\u0438\u0438 \u0441 \u0417\u0430\u043a\u043e\u043d\u043e\u043c \u2116 133 \u043e\u0442 8 \u0438\u044e\u043b\u044f 2011 \u0433\u043e\u0434\u0430 \u00ab\u041e \u0437\u0430\u0449\u0438\u0442\u0435 \u043f\u0435\u0440\u0441\u043e\u043d\u0430\u043b\u044c\u043d\u044b\u0445 \u0434\u0430\u043d\u043d\u044b\u0445\u00bb (legis.md). \u0421\u043e\u0431\u0438\u0440\u0430\u0435\u043c\u044b\u0435 \u0434\u0430\u043d\u043d\u044b\u0435 \u043c\u043e\u0433\u0443\u0442 \u0432\u043a\u043b\u044e\u0447\u0430\u0442\u044c \u0438\u043c\u044f, \u0444\u0430\u043c\u0438\u043b\u0438\u044e, \u043d\u043e\u043c\u0435\u0440 \u0442\u0435\u043b\u0435\u0444\u043e\u043d\u0430, \u0430\u0434\u0440\u0435\u0441 \u044d\u043b\u0435\u043a\u0442\u0440\u043e\u043d\u043d\u043e\u0439 \u043f\u043e\u0447\u0442\u044b \u0438 \u0438\u043d\u0443\u044e \u0438\u043d\u0444\u043e\u0440\u043c\u0430\u0446\u0438\u044e, \u043d\u0435\u043e\u0431\u0445\u043e\u0434\u0438\u043c\u0443\u044e \u0434\u043b\u044f \u043f\u0440\u0435\u0434\u043e\u0441\u0442\u0430\u0432\u043b\u0435\u043d\u0438\u044f \u0443\u0441\u043b\u0443\u0433 \u0438 \u0441\u0432\u044f\u0437\u0438 \u0441 \u043f\u043e\u043b\u044c\u0437\u043e\u0432\u0430\u0442\u0435\u043b\u044f\u043c\u0438. \u0423\u043a\u0430\u0437\u0430\u043d\u043d\u044b\u0435 \u0434\u0430\u043d\u043d\u044b\u0435 \u043e\u0431\u0440\u0430\u0431\u0430\u0442\u044b\u0432\u0430\u044e\u0442\u0441\u044f \u0432 \u0446\u0435\u043b\u044f\u0445 \u043e\u043a\u0430\u0437\u0430\u043d\u0438\u044f \u0443\u0441\u043b\u0443\u0433, \u0432\u044b\u0441\u0442\u0430\u0432\u043b\u0435\u043d\u0438\u044f \u0441\u0447\u0435\u0442\u043e\u0432 \u0438 \u043a\u043e\u043c\u043c\u0443\u043d\u0438\u043a\u0430\u0446\u0438\u0438 \u0441 \u043f\u043e\u043b\u044c\u0437\u043e\u0432\u0430\u0442\u0435\u043b\u044f\u043c\u0438.<\/p>\n\n\n\n<h2 class=\"wp-block-heading\">5. \u0421\u043e\u0433\u043b\u0430\u0441\u0438\u0435 \u043d\u0430 \u043e\u0431\u0440\u0430\u0431\u043e\u0442\u043a\u0443 \u0447\u0443\u0432\u0441\u0442\u0432\u0438\u0442\u0435\u043b\u044c\u043d\u044b\u0445 \u0434\u0430\u043d\u043d\u044b\u0445<\/h2>\n\n\n\n<p>\u0423\u0447\u0438\u0442\u044b\u0432\u0430\u044f \u0445\u0430\u0440\u0430\u043a\u0442\u0435\u0440 \u043f\u0440\u0435\u0434\u043e\u0441\u0442\u0430\u0432\u043b\u044f\u0435\u043c\u044b\u0445 \u0443\u0441\u043b\u0443\u0433, S.R.L. \u00abCLEANPOINT\u00bb \u043c\u043e\u0436\u0435\u0442 \u0441\u043e\u0431\u0438\u0440\u0430\u0442\u044c \u0438 \u043e\u0431\u0440\u0430\u0431\u0430\u0442\u044b\u0432\u0430\u0442\u044c \u0434\u0430\u043d\u043d\u044b\u0435, \u043e\u0442\u043d\u043e\u0441\u044f\u0449\u0438\u0435\u0441\u044f \u043a \u043f\u043e\u043b\u044c\u0437\u043e\u0432\u0430\u0442\u0435\u043b\u044f\u043c. \u041f\u0440\u0435\u0434\u043e\u0441\u0442\u0430\u0432\u043b\u044f\u044f \u0442\u0430\u043a\u0438\u0435 \u0434\u0430\u043d\u043d\u044b\u0435, \u0432\u044b \u0432\u044b\u0440\u0430\u0436\u0430\u0435\u0442\u0435 \u0441\u0432\u043e\u0451 \u044f\u0432\u043d\u043e\u0435 \u0441\u043e\u0433\u043b\u0430\u0441\u0438\u0435 \u043d\u0430 \u0438\u0445 \u043e\u0431\u0440\u0430\u0431\u043e\u0442\u043a\u0443 \u0432 \u0446\u0435\u043b\u044f\u0445 \u043f\u0440\u0435\u0434\u043e\u0441\u0442\u0430\u0432\u043b\u0435\u043d\u0438\u044f \u0443\u0441\u043b\u0443\u0433 S.R.L. \u00abCLEANPOINT\u00bb.<\/p>\n\n\n\n<h2 class=\"wp-block-heading\">6. \u041f\u0440\u0430\u0432\u0430 \u043f\u043e\u043b\u044c\u0437\u043e\u0432\u0430\u0442\u0435\u043b\u0435\u0439<\/h2>\n\n\n\n<p class=\"translation-block\">\u0414\u043b\u044f \u0440\u0435\u0430\u043b\u0438\u0437\u0430\u0446\u0438\u0438 \u0443\u043a\u0430\u0437\u0430\u043d\u043d\u044b\u0445 \u043d\u0438\u0436\u0435 \u043f\u0440\u0430\u0432 \u0432\u044b \u043c\u043e\u0436\u0435\u0442\u0435 \u0441\u0432\u044f\u0437\u0430\u0442\u044c\u0441\u044f \u0441 \u043d\u0430\u043c\u0438 \u043f\u043e \u0430\u0434\u0440\u0435\u0441\u0443 \u044d\u043b\u0435\u043a\u0442\u0440\u043e\u043d\u043d\u043e\u0439 \u043f\u043e\u0447\u0442\u044b: primeclean.srl@gmail.com.\n\u0412 \u0441\u043e\u043e\u0442\u0432\u0435\u0442\u0441\u0442\u0432\u0438\u0438 \u0441 \u0434\u0435\u0439\u0441\u0442\u0432\u0443\u044e\u0449\u0438\u043c \u0437\u0430\u043a\u043e\u043d\u043e\u0434\u0430\u0442\u0435\u043b\u044c\u0441\u0442\u0432\u043e\u043c \u0432\u044b \u0438\u043c\u0435\u0435\u0442\u0435 \u0441\u043b\u0435\u0434\u0443\u044e\u0449\u0438\u0435 \u043f\u0440\u0430\u0432\u0430 \u0432 \u043e\u0442\u043d\u043e\u0448\u0435\u043d\u0438\u0438 \u0441\u0432\u043e\u0438\u0445 \u043f\u0435\u0440\u0441\u043e\u043d\u0430\u043b\u044c\u043d\u044b\u0445 \u0434\u0430\u043d\u043d\u044b\u0445:<\/p>\n\n\n\n<ul class=\"wp-block-list\">\n<li>\u041f\u0440\u0430\u0432\u043e \u043d\u0430 \u0438\u043d\u0444\u043e\u0440\u043c\u0438\u0440\u043e\u0432\u0430\u043d\u0438\u0435 \u2014 \u043f\u043e\u043b\u0443\u0447\u0435\u043d\u0438\u0435 \u0438\u043d\u0444\u043e\u0440\u043c\u0430\u0446\u0438\u0438 \u043e \u043f\u043e\u0440\u044f\u0434\u043a\u0435 \u043e\u0431\u0440\u0430\u0431\u043e\u0442\u043a\u0438 \u0432\u0430\u0448\u0438\u0445 \u0434\u0430\u043d\u043d\u044b\u0445;<\/li>\n\n\n\n<li>\u041f\u0440\u0430\u0432\u043e \u043d\u0430 \u0434\u043e\u0441\u0442\u0443\u043f \u2014 \u0434\u043e\u0441\u0442\u0443\u043f \u043a \u043f\u0435\u0440\u0441\u043e\u043d\u0430\u043b\u044c\u043d\u044b\u043c \u0434\u0430\u043d\u043d\u044b\u043c, \u043e\u0431\u0440\u0430\u0431\u0430\u0442\u044b\u0432\u0430\u0435\u043c\u044b\u043c S.R.L. \u00abCLEANPOINT\u00bb;<\/li>\n\n\n\n<li>\u041f\u0440\u0430\u0432\u043e \u043d\u0430 \u0438\u0441\u043f\u0440\u0430\u0432\u043b\u0435\u043d\u0438\u0435 \u2014 \u0442\u0440\u0435\u0431\u043e\u0432\u0430\u043d\u0438\u0435 \u043a\u043e\u0440\u0440\u0435\u043a\u0442\u0438\u0440\u043e\u0432\u043a\u0438 \u043d\u0435\u0442\u043e\u0447\u043d\u044b\u0445 \u0438\u043b\u0438 \u043d\u0435\u043f\u043e\u043b\u043d\u044b\u0445 \u0434\u0430\u043d\u043d\u044b\u0445;<\/li>\n\n\n\n<li>\u041f\u0440\u0430\u0432\u043e \u043d\u0430 \u0443\u0434\u0430\u043b\u0435\u043d\u0438\u0435 \u2014 \u0442\u0440\u0435\u0431\u043e\u0432\u0430\u043d\u0438\u0435 \u0443\u0434\u0430\u043b\u0435\u043d\u0438\u044f \u0434\u0430\u043d\u043d\u044b\u0445 \u0432 \u043f\u0440\u0435\u0434\u0443\u0441\u043c\u043e\u0442\u0440\u0435\u043d\u043d\u044b\u0445 \u0437\u0430\u043a\u043e\u043d\u043e\u043c \u0441\u043b\u0443\u0447\u0430\u044f\u0445;<\/li>\n\n\n\n<li>\u041f\u0440\u0430\u0432\u043e \u043d\u0430 \u043e\u0433\u0440\u0430\u043d\u0438\u0447\u0435\u043d\u0438\u0435 \u043e\u0431\u0440\u0430\u0431\u043e\u0442\u043a\u0438 \u2014 \u0442\u0440\u0435\u0431\u043e\u0432\u0430\u043d\u0438\u0435 \u043e\u0433\u0440\u0430\u043d\u0438\u0447\u0435\u043d\u0438\u044f \u043e\u0431\u0440\u0430\u0431\u043e\u0442\u043a\u0438 \u0434\u0430\u043d\u043d\u044b\u0445;<\/li>\n\n\n\n<li>\u041f\u0440\u0430\u0432\u043e \u043d\u0430 \u0432\u043e\u0437\u0440\u0430\u0436\u0435\u043d\u0438\u0435 \u2014 \u0432\u043e\u0437\u0440\u0430\u0436\u0435\u043d\u0438\u0435 \u043f\u0440\u043e\u0442\u0438\u0432 \u043e\u0431\u0440\u0430\u0431\u043e\u0442\u043a\u0438 \u0434\u0430\u043d\u043d\u044b\u0445 \u043f\u0440\u0438 \u043d\u0430\u043b\u0438\u0447\u0438\u0438 \u043e\u0441\u043d\u043e\u0432\u0430\u043d\u0438\u0439;<\/li>\n\n\n\n<li>\u041f\u0440\u0430\u0432\u043e \u043d\u0430 \u043f\u0435\u0440\u0435\u043d\u043e\u0441\u0438\u043c\u043e\u0441\u0442\u044c \u0434\u0430\u043d\u043d\u044b\u0445 \u2014 \u043f\u043e\u043b\u0443\u0447\u0435\u043d\u0438\u0435 \u0434\u0430\u043d\u043d\u044b\u0445 \u0432 \u0441\u0442\u0440\u0443\u043a\u0442\u0443\u0440\u0438\u0440\u043e\u0432\u0430\u043d\u043d\u043e\u043c \u0444\u043e\u0440\u043c\u0430\u0442\u0435 \u0438 \u043f\u0435\u0440\u0435\u0434\u0430\u0447\u0430 \u0438\u0445 \u0434\u0440\u0443\u0433\u043e\u043c\u0443 \u043e\u043f\u0435\u0440\u0430\u0442\u043e\u0440\u0443.<\/li>\n<\/ul>\n\n\n\n<h2 class=\"wp-block-heading\">7. \u0411\u0435\u0437\u043e\u043f\u0430\u0441\u043d\u043e\u0441\u0442\u044c \u0434\u0430\u043d\u043d\u044b\u0445<\/h2>\n\n\n\n<p>S.R.L. \u00abCLEANPOINT\u00bb \u043f\u0440\u0438\u043d\u0438\u043c\u0430\u0435\u0442 \u043d\u0430\u0434\u043b\u0435\u0436\u0430\u0449\u0438\u0435 \u0442\u0435\u0445\u043d\u0438\u0447\u0435\u0441\u043a\u0438\u0435 \u0438 \u043e\u0440\u0433\u0430\u043d\u0438\u0437\u0430\u0446\u0438\u043e\u043d\u043d\u044b\u0435 \u043c\u0435\u0440\u044b \u0434\u043b\u044f \u0437\u0430\u0449\u0438\u0442\u044b \u043f\u0435\u0440\u0441\u043e\u043d\u0430\u043b\u044c\u043d\u044b\u0445 \u0434\u0430\u043d\u043d\u044b\u0445 \u043e\u0442 \u043d\u0435\u0441\u0430\u043d\u043a\u0446\u0438\u043e\u043d\u0438\u0440\u043e\u0432\u0430\u043d\u043d\u043e\u0433\u043e \u0434\u043e\u0441\u0442\u0443\u043f\u0430, \u0443\u0442\u0440\u0430\u0442\u044b \u0438\u043b\u0438 \u0443\u043d\u0438\u0447\u0442\u043e\u0436\u0435\u043d\u0438\u044f.<\/p>\n\n\n\n<h2 class=\"wp-block-heading\">8. \u0424\u0430\u0439\u043b\u044b cookie \u0438 \u0430\u043d\u0430\u043b\u043e\u0433\u0438\u0447\u043d\u044b\u0435 \u0442\u0435\u0445\u043d\u043e\u043b\u043e\u0433\u0438\u0438<\/h2>\n\n\n\n<p>\u0421\u0430\u0439\u0442 \u0438\u0441\u043f\u043e\u043b\u044c\u0437\u0443\u0435\u0442 \u0444\u0430\u0439\u043b\u044b cookie \u0434\u043b\u044f \u0443\u043b\u0443\u0447\u0448\u0435\u043d\u0438\u044f \u043f\u043e\u043b\u044c\u0437\u043e\u0432\u0430\u0442\u0435\u043b\u044c\u0441\u043a\u043e\u0433\u043e \u043e\u043f\u044b\u0442\u0430 \u0438 \u0430\u043d\u0430\u043b\u0438\u0437\u0430 \u0442\u0440\u0430\u0444\u0438\u043a\u0430. \u0418\u0441\u043f\u043e\u043b\u044c\u0437\u0443\u044f \u0421\u0430\u0439\u0442, \u0432\u044b \u0441\u043e\u0433\u043b\u0430\u0448\u0430\u0435\u0442\u0435\u0441\u044c \u0441 \u043f\u0440\u0438\u043c\u0435\u043d\u0435\u043d\u0438\u0435\u043c \u0444\u0430\u0439\u043b\u043e\u0432 cookie \u0432 \u0441\u043e\u043e\u0442\u0432\u0435\u0442\u0441\u0442\u0432\u0438\u0438 \u0441 \u043d\u0430\u0448\u0435\u0439 \u041f\u043e\u043b\u0438\u0442\u0438\u043a\u043e\u0439 \u0438\u0441\u043f\u043e\u043b\u044c\u0437\u043e\u0432\u0430\u043d\u0438\u044f cookie.<\/p>\n\n\n\n<h2 class=\"wp-block-heading\">9. \u041e\u0433\u0440\u0430\u043d\u0438\u0447\u0435\u043d\u0438\u0435 \u043e\u0442\u0432\u0435\u0442\u0441\u0442\u0432\u0435\u043d\u043d\u043e\u0441\u0442\u0438<\/h2>\n\n\n\n<p>\u0421\u0430\u0439\u0442 \u0438 \u0435\u0433\u043e \u0441\u043e\u0434\u0435\u0440\u0436\u0438\u043c\u043e\u0435 \u043f\u0440\u0435\u0434\u043e\u0441\u0442\u0430\u0432\u043b\u044f\u044e\u0442\u0441\u044f \u00ab\u043a\u0430\u043a \u0435\u0441\u0442\u044c\u00bb, \u0431\u0435\u0437 \u043a\u0430\u043a\u0438\u0445-\u043b\u0438\u0431\u043e \u044f\u0432\u043d\u044b\u0445 \u0438\u043b\u0438 \u043f\u043e\u0434\u0440\u0430\u0437\u0443\u043c\u0435\u0432\u0430\u0435\u043c\u044b\u0445 \u0433\u0430\u0440\u0430\u043d\u0442\u0438\u0439. S.R.L. \u00abCLEANPOINT\u00bb \u043d\u0435 \u043d\u0435\u0441\u0451\u0442 \u043e\u0442\u0432\u0435\u0442\u0441\u0442\u0432\u0435\u043d\u043d\u043e\u0441\u0442\u0438 \u0437\u0430 \u0432\u043e\u0437\u043c\u043e\u0436\u043d\u044b\u0435 \u043e\u0448\u0438\u0431\u043a\u0438 \u0438\u043b\u0438 \u0443\u043f\u0443\u0449\u0435\u043d\u0438\u044f \u0432 \u0441\u043e\u0434\u0435\u0440\u0436\u0430\u043d\u0438\u0438 \u0421\u0430\u0439\u0442\u0430, \u0430 \u0442\u0430\u043a\u0436\u0435 \u0437\u0430 \u043b\u044e\u0431\u044b\u0435 \u0443\u0431\u044b\u0442\u043a\u0438, \u0432\u043e\u0437\u043d\u0438\u043a\u0448\u0438\u0435 \u0432 \u0440\u0435\u0437\u0443\u043b\u044c\u0442\u0430\u0442\u0435 \u0438\u0441\u043f\u043e\u043b\u044c\u0437\u043e\u0432\u0430\u043d\u0438\u044f \u043b\u0438\u0431\u043e \u043d\u0435\u0432\u043e\u0437\u043c\u043e\u0436\u043d\u043e\u0441\u0442\u0438 \u0438\u0441\u043f\u043e\u043b\u044c\u0437\u043e\u0432\u0430\u043d\u0438\u044f \u0421\u0430\u0439\u0442\u0430.<\/p>\n\n\n\n<h2 class=\"wp-block-heading\">10. \u0421\u0441\u044b\u043b\u043a\u0438 \u043d\u0430 \u0441\u0442\u043e\u0440\u043e\u043d\u043d\u0438\u0435 \u0441\u0430\u0439\u0442\u044b<\/h2>\n\n\n\n<p>\u0421\u0430\u0439\u0442 \u043c\u043e\u0436\u0435\u0442 \u0441\u043e\u0434\u0435\u0440\u0436\u0430\u0442\u044c \u0441\u0441\u044b\u043b\u043a\u0438 \u043d\u0430 \u0432\u0435\u0431-\u0441\u0430\u0439\u0442\u044b \u0442\u0440\u0435\u0442\u044c\u0438\u0445 \u043b\u0438\u0446. S.R.L. \u00abCLEANPOINT\u00bb \u043d\u0435 \u043a\u043e\u043d\u0442\u0440\u043e\u043b\u0438\u0440\u0443\u0435\u0442 \u0441\u043e\u0434\u0435\u0440\u0436\u0430\u043d\u0438\u0435 \u0442\u0430\u043a\u0438\u0445 \u0441\u0430\u0439\u0442\u043e\u0432 \u0438 \u043d\u0435 \u043d\u0435\u0441\u0451\u0442 \u043e\u0442\u0432\u0435\u0442\u0441\u0442\u0432\u0435\u043d\u043d\u043e\u0441\u0442\u0438 \u0437\u0430 \u0438\u043d\u0444\u043e\u0440\u043c\u0430\u0446\u0438\u044e \u0438\u043b\u0438 \u0443\u0441\u043b\u0443\u0433\u0438, \u043f\u0440\u0435\u0434\u043e\u0441\u0442\u0430\u0432\u043b\u044f\u0435\u043c\u044b\u0435 \u0442\u0440\u0435\u0442\u044c\u0438\u043c\u0438 \u043b\u0438\u0446\u0430\u043c\u0438.<\/p>\n\n\n\n<h2 class=\"wp-block-heading\">11. \u041f\u0440\u0438\u043c\u0435\u043d\u0438\u043c\u043e\u0435 \u043f\u0440\u0430\u0432\u043e \u0438 \u044e\u0440\u0438\u0441\u0434\u0438\u043a\u0446\u0438\u044f<\/h2>\n\n\n\n<p>\u041d\u0430\u0441\u0442\u043e\u044f\u0449\u0438\u0435 \u0423\u0441\u043b\u043e\u0432\u0438\u044f \u0440\u0435\u0433\u0443\u043b\u0438\u0440\u0443\u044e\u0442\u0441\u044f \u0437\u0430\u043a\u043e\u043d\u043e\u0434\u0430\u0442\u0435\u043b\u044c\u0441\u0442\u0432\u043e\u043c \u0420\u0435\u0441\u043f\u0443\u0431\u043b\u0438\u043a\u0438 \u041c\u043e\u043b\u0434\u043e\u0432\u0430. \u0412\u0441\u0435 \u0441\u043f\u043e\u0440\u044b, \u0432\u043e\u0437\u043d\u0438\u043a\u0430\u044e\u0449\u0438\u0435 \u0432 \u0441\u0432\u044f\u0437\u0438 \u0441 \u0438\u0441\u043f\u043e\u043b\u044c\u0437\u043e\u0432\u0430\u043d\u0438\u0435\u043c \u0421\u0430\u0439\u0442\u0430, \u043f\u043e\u0434\u043b\u0435\u0436\u0430\u0442 \u0440\u0430\u0441\u0441\u043c\u043e\u0442\u0440\u0435\u043d\u0438\u044e \u043a\u043e\u043c\u043f\u0435\u0442\u0435\u043d\u0442\u043d\u044b\u043c\u0438 \u0441\u0443\u0434\u0430\u043c\u0438 \u0420\u0435\u0441\u043f\u0443\u0431\u043b\u0438\u043a\u0438 \u041c\u043e\u043b\u0434\u043e\u0432\u0430.<\/p>\n\n\n\n<h2 class=\"wp-block-heading\">12. \u041a\u043e\u043d\u0442\u0430\u043a\u0442\u043d\u0430\u044f \u0438\u043d\u0444\u043e\u0440\u043c\u0430\u0446\u0438\u044f<\/h2>\n\n\n\n<p>\u041f\u043e \u0432\u0441\u0435\u043c \u0432\u043e\u043f\u0440\u043e\u0441\u0430\u043c, \u0441\u0432\u044f\u0437\u0430\u043d\u043d\u044b\u043c \u0441 \u043d\u0430\u0441\u0442\u043e\u044f\u0449\u0438\u043c\u0438 \u0423\u0441\u043b\u043e\u0432\u0438\u044f\u043c\u0438, \u0432\u044b \u043c\u043e\u0436\u0435\u0442\u0435 \u0441\u0432\u044f\u0437\u0430\u0442\u044c\u0441\u044f \u0441 \u043d\u0430\u043c\u0438:<br>\ud83d\udccd <strong>\u0410\u0434\u0440\u0435\u0441:<\/strong> \u043c\u0443\u043d. \u041a\u0438\u0448\u0438\u043d\u0451\u0432, \u0441\u0435\u043a\u0442\u043e\u0440 \u0411\u043e\u0442\u0430\u043d\u0438\u043a\u0430, \u0443\u043b. \u0411\u0443\u0440\u0435\u0431\u0438\u0441\u0442\u0430, 118, \u0431\u043b\u043e\u043a 1<br>\ud83d\udce7 <strong>E-mail: <\/strong><a href=\"mailto:primeclean.srl@gmail.com\">primeclean.srl@gmail.com<\/a><br>\ud83d\udcde <strong>\u0422\u0435\u043b\u0435\u0444\u043e\u043d:<\/strong> <a href=\"tel:+37379777808\">+373 79 777 808<\/a><\/p>","protected":false},"excerpt":{"rendered":"<p>1. Introducere Ace\u0219ti Termeni \u0219i Condi\u021bii (denumi\u021bi \u00een continuare &#8222;Termenii&#8221;) reglementeaz\u0103 utilizarea de c\u0103tre dumneavoastr\u0103 a site-ului web al S.R.L. \u201cCLEANPOINT\u201d, disponibil la primeclean.md (denumit \u00een continuare &#8222;Site-ul&#8221;). Prin accesarea \u0219i utilizarea Site-ului, sunte\u021bi de acord s\u0103 respecta\u021bi ace\u0219ti Termeni. Dac\u0103 nu sunte\u021bi de acord cu oricare dintre prevederile acestor Termeni, v\u0103 rug\u0103m s\u0103 nu [&hellip;]<\/p>","protected":false},"author":1,"featured_media":0,"parent":0,"menu_order":0,"comment_status":"closed","ping_status":"closed","template":"","meta":{"_acf_changed":false,"footnotes":""},"class_list":["post-282","page","type-page","status-publish","format-standard","hentry"],"acf":[],"_links":{"self":[{"href":"https:\/\/primeclean.md\/ru\/wp-json\/wp\/v2\/pages\/282","targetHints":{"allow":["GET"]}}],"collection":[{"href":"https:\/\/primeclean.md\/ru\/wp-json\/wp\/v2\/pages"}],"about":[{"href":"https:\/\/primeclean.md\/ru\/wp-json\/wp\/v2\/types\/page"}],"author":[{"embeddable":true,"href":"https:\/\/primeclean.md\/ru\/wp-json\/wp\/v2\/users\/1"}],"replies":[{"embeddable":true,"href":"https:\/\/primeclean.md\/ru\/wp-json\/wp\/v2\/comments?post=282"}],"version-history":[{"count":10,"href":"https:\/\/primeclean.md\/ru\/wp-json\/wp\/v2\/pages\/282\/revisions"}],"predecessor-version":[{"id":294,"href":"https:\/\/primeclean.md\/ru\/wp-json\/wp\/v2\/pages\/282\/revisions\/294"}],"wp:attachment":[{"href":"https:\/\/primeclean.md\/ru\/wp-json\/wp\/v2\/media?parent=282"}],"curies":[{"name":"wp","href":"https:\/\/api.w.org\/{rel}","templated":true}]}}